{"id":1153,"date":"2023-08-01T18:41:02","date_gmt":"2023-08-01T18:41:02","guid":{"rendered":"https:\/\/mueblestil.com.mx\/?post_type=product&#038;p=1153"},"modified":"2023-08-01T18:41:03","modified_gmt":"2023-08-01T18:41:03","slug":"operativo-edar","status":"publish","type":"product","link":"https:\/\/mueblestil.com.mx\/?product=operativo-edar","title":{"rendered":"OPERATIVO EDAR"},"content":{"rendered":"<p style=\"text-align: justify;\"><img loading=\"lazy\" decoding=\"async\" class=\"size-medium wp-image-368 alignleft\" src=\"https:\/\/mueblestil.com.mx\/wp-content\/uploads\/2023\/04\/sillon-operativo-edar-300x300.jpg\" alt=\"\" width=\"300\" height=\"300\" srcset=\"https:\/\/mueblestil.com.mx\/wp-content\/uploads\/2023\/04\/sillon-operativo-edar-300x300.jpg 300w, https:\/\/mueblestil.com.mx\/wp-content\/uploads\/2023\/04\/sillon-operativo-edar-100x100.jpg 100w, https:\/\/mueblestil.com.mx\/wp-content\/uploads\/2023\/04\/sillon-operativo-edar-150x150.jpg 150w, https:\/\/mueblestil.com.mx\/wp-content\/uploads\/2023\/04\/sillon-operativo-edar-370x370.jpg 370w, https:\/\/mueblestil.com.mx\/wp-content\/uploads\/2023\/04\/sillon-operativo-edar-75x75.jpg 75w, https:\/\/mueblestil.com.mx\/wp-content\/uploads\/2023\/04\/sillon-operativo-edar.jpg 458w\" sizes=\"(max-width: 300px) 100vw, 300px\" \/><span style=\"color: #0c0a53;\">BASE DE ESTRELLA DE 5 PUNTAS EN DE ACERO CROMADO DE 27\u201d. BRAZOS DE ACERO CROMADO ACOJINADOS DE POLIURETANO SUAVE. MECANISMO RECLINABLE DE 3 PALANCAS \u201cSYNCHRO\u201d. ACOJINAMIENTO DE POLIURETANO INYECTADO MOLDEADO ERGON\u00d3MICAMENTE DE 50KG DE DENSIDAD CON RI\u00d1ONERAS. TAPIZ EN PLIANA O TACTO PIEL EN COLOR A SU ELECCI\u00d3N.<\/span><\/p>\n<p><span style=\"color: #0c0a53;\">\u00a0 \u00a0 \u00a0 \u00a0 \u00a0 \u00a0 \u00a0 \u00a0 \u00a0 \u00a0 OPERATIVO EDAR\u00a0 \u00a0 \u00a0 \u00a0 \u00a0 \u00a0OPERATIVO EDAR\u00a0\u00a0<\/span><br \/>\n<span style=\"color: #0c0a53;\">\u00a0 \u00a0 \u00a0 \u00a0 \u00a0 \u00a0 \u00a0 \u00a0 \u00a0 \u00a0 \u00a0 \u00a0 \u00a0 CON BRAZO\u00a0 \u00a0 \u00a0 \u00a0 \u00a0 \u00a0 \u00a0 \u00a0 \u00a0 \u00a0 \u00a0 \u00a0 \u00a0SIN BRAZO<\/span><br \/>\n<span style=\"color: #ff0000;\"> \u00a0 \u00a0 TSO5\u00a0 \u00a0 \u00a0 \u00a0 \u00a0 \u00a0 \u00a0 \u00a0 \u00a0 \u00a0 \u00a0 \u00a0 \u00a0 \u00a0 \u00a0 \u00a0 \u00a0 \u00a0TSO5.1<\/span><\/p>\n","protected":false},"excerpt":{"rendered":"<p>BASE DE ESTRELLA DE 5 PUNTAS EN DE ACERO CROMADO DE 27\u201d. BRAZOS DE ACERO CROMADO ACOJINADOS DE POLIURETANO SUAVE. MECANISMO RECLINABLE DE 3 PALANCAS \u201cSYNCHRO\u201d. ACOJINAMIENTO DE POLIURETANO INYECTADO MOLDEADO ERGON\u00d3MICAMENTE DE 50KG DE DENSIDAD CON RI\u00d1ONERAS. TAPIZ EN PLIANA O TACTO PIEL EN COLOR A SU ELECCI\u00d3N. \u00a0 \u00a0 \u00a0 \u00a0 \u00a0 \u00a0 &hellip; <\/p>\n<p class=\"link-more\"><a href=\"https:\/\/mueblestil.com.mx\/?product=operativo-edar\" class=\"more-link\">Leer m\u00e1s<span class=\"screen-reader-text\"> \u00abOPERATIVO EDAR\u00bb<\/span><\/a><\/p>\n","protected":false},"featured_media":368,"comment_status":"open","ping_status":"closed","template":"","meta":[],"product_cat":[45],"product_tag":[],"_links":{"self":[{"href":"https:\/\/mueblestil.com.mx\/index.php?rest_route=\/wp\/v2\/product\/1153"}],"collection":[{"href":"https:\/\/mueblestil.com.mx\/index.php?rest_route=\/wp\/v2\/product"}],"about":[{"href":"https:\/\/mueblestil.com.mx\/index.php?rest_route=\/wp\/v2\/types\/product"}],"replies":[{"embeddable":true,"href":"https:\/\/mueblestil.com.mx\/index.php?rest_route=%2Fwp%2Fv2%2Fcomments&post=1153"}],"wp:featuredmedia":[{"embeddable":true,"href":"https:\/\/mueblestil.com.mx\/index.php?rest_route=\/wp\/v2\/media\/368"}],"wp:attachment":[{"href":"https:\/\/mueblestil.com.mx\/index.php?rest_route=%2Fwp%2Fv2%2Fmedia&parent=1153"}],"wp:term":[{"taxonomy":"product_cat","embeddable":true,"href":"https:\/\/mueblestil.com.mx\/index.php?rest_route=%2Fwp%2Fv2%2Fproduct_cat&post=1153"},{"taxonomy":"product_tag","embeddable":true,"href":"https:\/\/mueblestil.com.mx\/index.php?rest_route=%2Fwp%2Fv2%2Fproduct_tag&post=1153"}],"curies":[{"name":"wp","href":"https:\/\/api.w.org\/{rel}","templated":true}]}}